{"id":10728,"date":"2023-07-17T08:04:31","date_gmt":"2023-07-17T06:04:31","guid":{"rendered":"https:\/\/www.binarhandling.com\/?page_id=10728"},"modified":"2025-11-17T09:37:09","modified_gmt":"2025-11-17T08:37:09","slug":"start","status":"publish","type":"page","link":"https:\/\/www.binarhandling.com\/pl\/","title":{"rendered":"Start"},"content":{"rendered":"","protected":false},"excerpt":{"rendered":"","protected":false},"author":10,"featured_media":0,"parent":0,"menu_order":0,"comment_status":"open","ping_status":"open","template":"template-video.php","meta":{"_acf_changed":false},"class_list":["post-10728","page","type-page","status-publish","hentry"],"acf":[],"yoast_head":"<!-- This site is optimized with the Yoast SEO plugin v27.3 - https:\/\/yoast.com\/product\/yoast-seo-wordpress\/ -->\n<title>Ergonomiczne rozwi\u0105zania do podnoszenia i manipulacji dla przemys\u0142u<\/title>\n<meta name=\"description\" content=\"Oferujemy ergonomiczne systemy podnoszenia i manipulacji dla przemys\u0142u, magazyn\u00f3w i warsztat\u00f3w. Ponad 8\u202f000 chwytak\u00f3w na zam\u00f3wienie \u2013 manipulatory, \u017curawie i ramiona podnosz\u0105ce.\" \/>\n<meta name=\"robots\" content=\"index, follow, max-snippet:-1, max-image-preview:large, max-video-preview:-1\" \/>\n<link rel=\"canonical\" href=\"https:\/\/www.binarhandling.com\/pl\/\" \/>\n<meta property=\"og:locale\" content=\"pl_PL\" \/>\n<meta property=\"og:type\" content=\"article\" \/>\n<meta property=\"og:title\" content=\"Ergonomiczne rozwi\u0105zania do podnoszenia i manipulacji dla przemys\u0142u\" \/>\n<meta property=\"og:description\" content=\"Oferujemy ergonomiczne systemy podnoszenia i manipulacji dla przemys\u0142u, magazyn\u00f3w i warsztat\u00f3w. Ponad 8\u202f000 chwytak\u00f3w na zam\u00f3wienie \u2013 manipulatory, \u017curawie i ramiona podnosz\u0105ce.\" \/>\n<meta property=\"og:url\" content=\"https:\/\/www.binarhandling.com\/pl\/\" \/>\n<meta property=\"og:site_name\" content=\"Binar Handling AB\" \/>\n<meta property=\"article:publisher\" content=\"https:\/\/www.facebook.com\/binarhandlingab\" \/>\n<meta property=\"article:modified_time\" content=\"2025-11-17T08:37:09+00:00\" \/>\n<meta name=\"twitter:card\" content=\"summary_large_image\" \/>\n<script type=\"application\/ld+json\" class=\"yoast-schema-graph\">{\"@context\":\"https:\\\/\\\/schema.org\",\"@graph\":[{\"@type\":\"WebPage\",\"@id\":\"https:\\\/\\\/www.binarhandling.com\\\/pl\\\/\",\"url\":\"https:\\\/\\\/www.binarhandling.com\\\/pl\\\/\",\"name\":\"Ergonomiczne rozwi\u0105zania do podnoszenia i manipulacji dla przemys\u0142u\",\"isPartOf\":{\"@id\":\"https:\\\/\\\/www.binarhandling.com\\\/#website\"},\"datePublished\":\"2023-07-17T06:04:31+00:00\",\"dateModified\":\"2025-11-17T08:37:09+00:00\",\"description\":\"Oferujemy ergonomiczne systemy podnoszenia i manipulacji dla przemys\u0142u, magazyn\u00f3w i warsztat\u00f3w. Ponad 8\u202f000 chwytak\u00f3w na zam\u00f3wienie \u2013 manipulatory, \u017curawie i ramiona podnosz\u0105ce.\",\"breadcrumb\":{\"@id\":\"https:\\\/\\\/www.binarhandling.com\\\/pl\\\/#breadcrumb\"},\"inLanguage\":\"pl-PL\",\"potentialAction\":[{\"@type\":\"ReadAction\",\"target\":[\"https:\\\/\\\/www.binarhandling.com\\\/pl\\\/\"]}]},{\"@type\":\"BreadcrumbList\",\"@id\":\"https:\\\/\\\/www.binarhandling.com\\\/pl\\\/#breadcrumb\",\"itemListElement\":[{\"@type\":\"ListItem\",\"position\":1,\"name\":\"Home\",\"item\":\"https:\\\/\\\/www.binarhandling.com\\\/pl\\\/\"},{\"@type\":\"ListItem\",\"position\":2,\"name\":\"Start\"}]},{\"@type\":\"WebSite\",\"@id\":\"https:\\\/\\\/www.binarhandling.com\\\/#website\",\"url\":\"https:\\\/\\\/www.binarhandling.com\\\/\",\"name\":\"Binar Handling AB\",\"description\":\"Binar Handling AB\",\"publisher\":{\"@id\":\"https:\\\/\\\/www.binarhandling.com\\\/#organization\"},\"potentialAction\":[{\"@type\":\"SearchAction\",\"target\":{\"@type\":\"EntryPoint\",\"urlTemplate\":\"https:\\\/\\\/www.binarhandling.com\\\/?s={search_term_string}\"},\"query-input\":{\"@type\":\"PropertyValueSpecification\",\"valueRequired\":true,\"valueName\":\"search_term_string\"}}],\"inLanguage\":\"pl-PL\"},{\"@type\":\"Organization\",\"@id\":\"https:\\\/\\\/www.binarhandling.com\\\/#organization\",\"name\":\"Binar Handling AB\",\"url\":\"https:\\\/\\\/www.binarhandling.com\\\/\",\"logo\":{\"@type\":\"ImageObject\",\"inLanguage\":\"pl-PL\",\"@id\":\"https:\\\/\\\/www.binarhandling.com\\\/#\\\/schema\\\/logo\\\/image\\\/\",\"url\":\"\",\"contentUrl\":\"\",\"caption\":\"Binar Handling AB\"},\"image\":{\"@id\":\"https:\\\/\\\/www.binarhandling.com\\\/#\\\/schema\\\/logo\\\/image\\\/\"},\"sameAs\":[\"https:\\\/\\\/www.facebook.com\\\/binarhandlingab\",\"https:\\\/\\\/www.instagram.com\\\/binarhandlingsab\\\/\",\"https:\\\/\\\/www.linkedin.com\\\/company-beta\\\/16205659\\\/\",\"https:\\\/\\\/www.youtube.com\\\/user\\\/BinarQuickLift\"]}]}<\/script>\n<!-- \/ Yoast SEO plugin. -->","yoast_head_json":{"title":"Ergonomiczne rozwi\u0105zania do podnoszenia i manipulacji dla przemys\u0142u","description":"Oferujemy ergonomiczne systemy podnoszenia i manipulacji dla przemys\u0142u, magazyn\u00f3w i warsztat\u00f3w. Ponad 8\u202f000 chwytak\u00f3w na zam\u00f3wienie \u2013 manipulatory, \u017curawie i ramiona podnosz\u0105ce.","robots":{"index":"index","follow":"follow","max-snippet":"max-snippet:-1","max-image-preview":"max-image-preview:large","max-video-preview":"max-video-preview:-1"},"canonical":"https:\/\/www.binarhandling.com\/pl\/","og_locale":"pl_PL","og_type":"article","og_title":"Ergonomiczne rozwi\u0105zania do podnoszenia i manipulacji dla przemys\u0142u","og_description":"Oferujemy ergonomiczne systemy podnoszenia i manipulacji dla przemys\u0142u, magazyn\u00f3w i warsztat\u00f3w. Ponad 8\u202f000 chwytak\u00f3w na zam\u00f3wienie \u2013 manipulatory, \u017curawie i ramiona podnosz\u0105ce.","og_url":"https:\/\/www.binarhandling.com\/pl\/","og_site_name":"Binar Handling AB","article_publisher":"https:\/\/www.facebook.com\/binarhandlingab","article_modified_time":"2025-11-17T08:37:09+00:00","twitter_card":"summary_large_image","schema":{"@context":"https:\/\/schema.org","@graph":[{"@type":"WebPage","@id":"https:\/\/www.binarhandling.com\/pl\/","url":"https:\/\/www.binarhandling.com\/pl\/","name":"Ergonomiczne rozwi\u0105zania do podnoszenia i manipulacji dla przemys\u0142u","isPartOf":{"@id":"https:\/\/www.binarhandling.com\/#website"},"datePublished":"2023-07-17T06:04:31+00:00","dateModified":"2025-11-17T08:37:09+00:00","description":"Oferujemy ergonomiczne systemy podnoszenia i manipulacji dla przemys\u0142u, magazyn\u00f3w i warsztat\u00f3w. Ponad 8\u202f000 chwytak\u00f3w na zam\u00f3wienie \u2013 manipulatory, \u017curawie i ramiona podnosz\u0105ce.","breadcrumb":{"@id":"https:\/\/www.binarhandling.com\/pl\/#breadcrumb"},"inLanguage":"pl-PL","potentialAction":[{"@type":"ReadAction","target":["https:\/\/www.binarhandling.com\/pl\/"]}]},{"@type":"BreadcrumbList","@id":"https:\/\/www.binarhandling.com\/pl\/#breadcrumb","itemListElement":[{"@type":"ListItem","position":1,"name":"Home","item":"https:\/\/www.binarhandling.com\/pl\/"},{"@type":"ListItem","position":2,"name":"Start"}]},{"@type":"WebSite","@id":"https:\/\/www.binarhandling.com\/#website","url":"https:\/\/www.binarhandling.com\/","name":"Binar Handling AB","description":"Binar Handling AB","publisher":{"@id":"https:\/\/www.binarhandling.com\/#organization"},"potentialAction":[{"@type":"SearchAction","target":{"@type":"EntryPoint","urlTemplate":"https:\/\/www.binarhandling.com\/?s={search_term_string}"},"query-input":{"@type":"PropertyValueSpecification","valueRequired":true,"valueName":"search_term_string"}}],"inLanguage":"pl-PL"},{"@type":"Organization","@id":"https:\/\/www.binarhandling.com\/#organization","name":"Binar Handling AB","url":"https:\/\/www.binarhandling.com\/","logo":{"@type":"ImageObject","inLanguage":"pl-PL","@id":"https:\/\/www.binarhandling.com\/#\/schema\/logo\/image\/","url":"","contentUrl":"","caption":"Binar Handling AB"},"image":{"@id":"https:\/\/www.binarhandling.com\/#\/schema\/logo\/image\/"},"sameAs":["https:\/\/www.facebook.com\/binarhandlingab","https:\/\/www.instagram.com\/binarhandlingsab\/","https:\/\/www.linkedin.com\/company-beta\/16205659\/","https:\/\/www.youtube.com\/user\/BinarQuickLift"]}]}},"_links":{"self":[{"href":"https:\/\/www.binarhandling.com\/pl\/wp-json\/wp\/v2\/pages\/10728","targetHints":{"allow":["GET"]}}],"collection":[{"href":"https:\/\/www.binarhandling.com\/pl\/wp-json\/wp\/v2\/pages"}],"about":[{"href":"https:\/\/www.binarhandling.com\/pl\/wp-json\/wp\/v2\/types\/page"}],"author":[{"embeddable":true,"href":"https:\/\/www.binarhandling.com\/pl\/wp-json\/wp\/v2\/users\/10"}],"replies":[{"embeddable":true,"href":"https:\/\/www.binarhandling.com\/pl\/wp-json\/wp\/v2\/comments?post=10728"}],"version-history":[{"count":20,"href":"https:\/\/www.binarhandling.com\/pl\/wp-json\/wp\/v2\/pages\/10728\/revisions"}],"predecessor-version":[{"id":13836,"href":"https:\/\/www.binarhandling.com\/pl\/wp-json\/wp\/v2\/pages\/10728\/revisions\/13836"}],"wp:attachment":[{"href":"https:\/\/www.binarhandling.com\/pl\/wp-json\/wp\/v2\/media?parent=10728"}],"curies":[{"name":"wp","href":"https:\/\/api.w.org\/{rel}","templated":true}]}}