{"id":3187,"date":"2017-08-30T14:10:21","date_gmt":"2017-08-30T12:10:21","guid":{"rendered":"http:\/\/https:\/\/www.binarhandling.com\/?page_id=3187\/"},"modified":"2025-08-27T16:43:29","modified_gmt":"2025-08-27T14:43:29","slug":"produits-binar-handling-manipulateurs-prehenseurs","status":"publish","type":"page","link":"https:\/\/www.binarhandling.com\/fr\/produits-binar-handling-manipulateurs-prehenseurs\/","title":{"rendered":"Produits"},"content":{"rendered":"","protected":false},"excerpt":{"rendered":"","protected":false},"author":10,"featured_media":0,"parent":0,"menu_order":2,"comment_status":"closed","ping_status":"closed","template":"template-products.php","meta":{"_acf_changed":false},"class_list":["post-3187","page","type-page","status-publish","hentry"],"acf":[],"yoast_head":"<!-- This site is optimized with the Yoast SEO plugin v27.4 - https:\/\/yoast.com\/product\/yoast-seo-wordpress\/ -->\n<title>Manipulateurs et pr\u00e9henseurs assistance et ergonomie au levage<\/title>\n<meta name=\"description\" content=\"Binar handling manipulateurs et pr\u00e9henseurs ergonomiques - Aides \u00e0 l&#039;op\u00e9rateur pour des assistances au levage de charges\" \/>\n<meta name=\"robots\" content=\"index, follow, max-snippet:-1, max-image-preview:large, max-video-preview:-1\" \/>\n<link rel=\"canonical\" href=\"https:\/\/www.binarhandling.com\/fr\/produits-binar-handling-manipulateurs-prehenseurs\/\" \/>\n<meta property=\"og:locale\" content=\"fr_FR\" \/>\n<meta property=\"og:type\" content=\"article\" \/>\n<meta property=\"og:title\" content=\"Manipulateurs et pr\u00e9henseurs assistance et ergonomie au levage\" \/>\n<meta property=\"og:description\" content=\"Binar handling manipulateurs et pr\u00e9henseurs ergonomiques - Aides \u00e0 l&#039;op\u00e9rateur pour des assistances au levage de charges\" \/>\n<meta property=\"og:url\" content=\"https:\/\/www.binarhandling.com\/fr\/produits-binar-handling-manipulateurs-prehenseurs\/\" \/>\n<meta property=\"og:site_name\" content=\"Binar Handling AB\" \/>\n<meta property=\"article:publisher\" content=\"https:\/\/www.facebook.com\/binarhandlingab\" \/>\n<meta property=\"article:modified_time\" content=\"2025-08-27T14:43:29+00:00\" \/>\n<meta name=\"twitter:card\" content=\"summary_large_image\" \/>\n<script type=\"application\/ld+json\" class=\"yoast-schema-graph\">{\"@context\":\"https:\\\/\\\/schema.org\",\"@graph\":[{\"@type\":\"WebPage\",\"@id\":\"https:\\\/\\\/www.binarhandling.com\\\/fr\\\/produits-binar-handling-manipulateurs-prehenseurs\\\/\",\"url\":\"https:\\\/\\\/www.binarhandling.com\\\/fr\\\/produits-binar-handling-manipulateurs-prehenseurs\\\/\",\"name\":\"Manipulateurs et pr\u00e9henseurs assistance et ergonomie au levage\",\"isPartOf\":{\"@id\":\"https:\\\/\\\/www.binarhandling.com\\\/#website\"},\"datePublished\":\"2017-08-30T12:10:21+00:00\",\"dateModified\":\"2025-08-27T14:43:29+00:00\",\"description\":\"Binar handling manipulateurs et pr\u00e9henseurs ergonomiques - Aides \u00e0 l'op\u00e9rateur pour des assistances au levage de charges\",\"breadcrumb\":{\"@id\":\"https:\\\/\\\/www.binarhandling.com\\\/fr\\\/produits-binar-handling-manipulateurs-prehenseurs\\\/#breadcrumb\"},\"inLanguage\":\"fr-FR\",\"potentialAction\":[{\"@type\":\"ReadAction\",\"target\":[\"https:\\\/\\\/www.binarhandling.com\\\/fr\\\/produits-binar-handling-manipulateurs-prehenseurs\\\/\"]}]},{\"@type\":\"BreadcrumbList\",\"@id\":\"https:\\\/\\\/www.binarhandling.com\\\/fr\\\/produits-binar-handling-manipulateurs-prehenseurs\\\/#breadcrumb\",\"itemListElement\":[{\"@type\":\"ListItem\",\"position\":1,\"name\":\"Home\",\"item\":\"https:\\\/\\\/www.binarhandling.com\\\/fr\\\/\"},{\"@type\":\"ListItem\",\"position\":2,\"name\":\"Produits\"}]},{\"@type\":\"WebSite\",\"@id\":\"https:\\\/\\\/www.binarhandling.com\\\/#website\",\"url\":\"https:\\\/\\\/www.binarhandling.com\\\/\",\"name\":\"Binar Handling AB\",\"description\":\"Binar Handling AB\",\"publisher\":{\"@id\":\"https:\\\/\\\/www.binarhandling.com\\\/#organization\"},\"potentialAction\":[{\"@type\":\"SearchAction\",\"target\":{\"@type\":\"EntryPoint\",\"urlTemplate\":\"https:\\\/\\\/www.binarhandling.com\\\/?s={search_term_string}\"},\"query-input\":{\"@type\":\"PropertyValueSpecification\",\"valueRequired\":true,\"valueName\":\"search_term_string\"}}],\"inLanguage\":\"fr-FR\"},{\"@type\":\"Organization\",\"@id\":\"https:\\\/\\\/www.binarhandling.com\\\/#organization\",\"name\":\"Binar Handling AB\",\"url\":\"https:\\\/\\\/www.binarhandling.com\\\/\",\"logo\":{\"@type\":\"ImageObject\",\"inLanguage\":\"fr-FR\",\"@id\":\"https:\\\/\\\/www.binarhandling.com\\\/#\\\/schema\\\/logo\\\/image\\\/\",\"url\":\"\",\"contentUrl\":\"\",\"caption\":\"Binar Handling AB\"},\"image\":{\"@id\":\"https:\\\/\\\/www.binarhandling.com\\\/#\\\/schema\\\/logo\\\/image\\\/\"},\"sameAs\":[\"https:\\\/\\\/www.facebook.com\\\/binarhandlingab\",\"https:\\\/\\\/www.instagram.com\\\/binarhandlingsab\\\/\",\"https:\\\/\\\/www.linkedin.com\\\/company-beta\\\/16205659\\\/\",\"https:\\\/\\\/www.youtube.com\\\/user\\\/BinarQuickLift\"]}]}<\/script>\n<!-- \/ Yoast SEO plugin. -->","yoast_head_json":{"title":"Manipulateurs et pr\u00e9henseurs assistance et ergonomie au levage","description":"Binar handling manipulateurs et pr\u00e9henseurs ergonomiques - Aides \u00e0 l'op\u00e9rateur pour des assistances au levage de charges","robots":{"index":"index","follow":"follow","max-snippet":"max-snippet:-1","max-image-preview":"max-image-preview:large","max-video-preview":"max-video-preview:-1"},"canonical":"https:\/\/www.binarhandling.com\/fr\/produits-binar-handling-manipulateurs-prehenseurs\/","og_locale":"fr_FR","og_type":"article","og_title":"Manipulateurs et pr\u00e9henseurs assistance et ergonomie au levage","og_description":"Binar handling manipulateurs et pr\u00e9henseurs ergonomiques - Aides \u00e0 l'op\u00e9rateur pour des assistances au levage de charges","og_url":"https:\/\/www.binarhandling.com\/fr\/produits-binar-handling-manipulateurs-prehenseurs\/","og_site_name":"Binar Handling AB","article_publisher":"https:\/\/www.facebook.com\/binarhandlingab","article_modified_time":"2025-08-27T14:43:29+00:00","twitter_card":"summary_large_image","schema":{"@context":"https:\/\/schema.org","@graph":[{"@type":"WebPage","@id":"https:\/\/www.binarhandling.com\/fr\/produits-binar-handling-manipulateurs-prehenseurs\/","url":"https:\/\/www.binarhandling.com\/fr\/produits-binar-handling-manipulateurs-prehenseurs\/","name":"Manipulateurs et pr\u00e9henseurs assistance et ergonomie au levage","isPartOf":{"@id":"https:\/\/www.binarhandling.com\/#website"},"datePublished":"2017-08-30T12:10:21+00:00","dateModified":"2025-08-27T14:43:29+00:00","description":"Binar handling manipulateurs et pr\u00e9henseurs ergonomiques - Aides \u00e0 l'op\u00e9rateur pour des assistances au levage de charges","breadcrumb":{"@id":"https:\/\/www.binarhandling.com\/fr\/produits-binar-handling-manipulateurs-prehenseurs\/#breadcrumb"},"inLanguage":"fr-FR","potentialAction":[{"@type":"ReadAction","target":["https:\/\/www.binarhandling.com\/fr\/produits-binar-handling-manipulateurs-prehenseurs\/"]}]},{"@type":"BreadcrumbList","@id":"https:\/\/www.binarhandling.com\/fr\/produits-binar-handling-manipulateurs-prehenseurs\/#breadcrumb","itemListElement":[{"@type":"ListItem","position":1,"name":"Home","item":"https:\/\/www.binarhandling.com\/fr\/"},{"@type":"ListItem","position":2,"name":"Produits"}]},{"@type":"WebSite","@id":"https:\/\/www.binarhandling.com\/#website","url":"https:\/\/www.binarhandling.com\/","name":"Binar Handling AB","description":"Binar Handling AB","publisher":{"@id":"https:\/\/www.binarhandling.com\/#organization"},"potentialAction":[{"@type":"SearchAction","target":{"@type":"EntryPoint","urlTemplate":"https:\/\/www.binarhandling.com\/?s={search_term_string}"},"query-input":{"@type":"PropertyValueSpecification","valueRequired":true,"valueName":"search_term_string"}}],"inLanguage":"fr-FR"},{"@type":"Organization","@id":"https:\/\/www.binarhandling.com\/#organization","name":"Binar Handling AB","url":"https:\/\/www.binarhandling.com\/","logo":{"@type":"ImageObject","inLanguage":"fr-FR","@id":"https:\/\/www.binarhandling.com\/#\/schema\/logo\/image\/","url":"","contentUrl":"","caption":"Binar Handling AB"},"image":{"@id":"https:\/\/www.binarhandling.com\/#\/schema\/logo\/image\/"},"sameAs":["https:\/\/www.facebook.com\/binarhandlingab","https:\/\/www.instagram.com\/binarhandlingsab\/","https:\/\/www.linkedin.com\/company-beta\/16205659\/","https:\/\/www.youtube.com\/user\/BinarQuickLift"]}]}},"_links":{"self":[{"href":"https:\/\/www.binarhandling.com\/fr\/wp-json\/wp\/v2\/pages\/3187","targetHints":{"allow":["GET"]}}],"collection":[{"href":"https:\/\/www.binarhandling.com\/fr\/wp-json\/wp\/v2\/pages"}],"about":[{"href":"https:\/\/www.binarhandling.com\/fr\/wp-json\/wp\/v2\/types\/page"}],"author":[{"embeddable":true,"href":"https:\/\/www.binarhandling.com\/fr\/wp-json\/wp\/v2\/users\/10"}],"replies":[{"embeddable":true,"href":"https:\/\/www.binarhandling.com\/fr\/wp-json\/wp\/v2\/comments?post=3187"}],"version-history":[{"count":1,"href":"https:\/\/www.binarhandling.com\/fr\/wp-json\/wp\/v2\/pages\/3187\/revisions"}],"predecessor-version":[{"id":3188,"href":"https:\/\/www.binarhandling.com\/fr\/wp-json\/wp\/v2\/pages\/3187\/revisions\/3188"}],"wp:attachment":[{"href":"https:\/\/www.binarhandling.com\/fr\/wp-json\/wp\/v2\/media?parent=3187"}],"curies":[{"name":"wp","href":"https:\/\/api.w.org\/{rel}","templated":true}]}}