{"id":3803,"date":"2015-10-16T14:46:04","date_gmt":"2015-10-16T14:46:04","guid":{"rendered":"https:\/\/www.binarhandling.com\/start\/"},"modified":"2025-11-17T09:37:38","modified_gmt":"2025-11-17T08:37:38","slug":"start","status":"publish","type":"page","link":"https:\/\/www.binarhandling.com\/es\/","title":{"rendered":"Start"},"content":{"rendered":"","protected":false},"excerpt":{"rendered":"","protected":false},"author":10,"featured_media":0,"parent":0,"menu_order":1,"comment_status":"open","ping_status":"open","template":"template-video.php","meta":{"_acf_changed":false},"class_list":["post-3803","page","type-page","status-publish","hentry"],"acf":[],"yoast_head":"<!-- This site is optimized with the Yoast SEO plugin v27.4 - https:\/\/yoast.com\/product\/yoast-seo-wordpress\/ -->\n<title>Soluciones ergon\u00f3micas de elevaci\u00f3n y manipulaci\u00f3n para la industria<\/title>\n<meta name=\"description\" content=\"Soluciones ergon\u00f3micas para la industria, el almac\u00e9n y el taller. M\u00e1s de 8.000 sistemas personalizados: brazos de elevaci\u00f3n, manipuladores y gr\u00faas.\" \/>\n<meta name=\"robots\" content=\"index, follow, max-snippet:-1, max-image-preview:large, max-video-preview:-1\" \/>\n<link rel=\"canonical\" href=\"https:\/\/www.binarhandling.com\/es\/\" \/>\n<meta property=\"og:locale\" content=\"es_ES\" \/>\n<meta property=\"og:type\" content=\"article\" \/>\n<meta property=\"og:title\" content=\"Soluciones ergon\u00f3micas de elevaci\u00f3n y manipulaci\u00f3n para la industria\" \/>\n<meta property=\"og:description\" content=\"Soluciones ergon\u00f3micas para la industria, el almac\u00e9n y el taller. M\u00e1s de 8.000 sistemas personalizados: brazos de elevaci\u00f3n, manipuladores y gr\u00faas.\" \/>\n<meta property=\"og:url\" content=\"https:\/\/www.binarhandling.com\/es\/\" \/>\n<meta property=\"og:site_name\" content=\"Binar Handling AB\" \/>\n<meta property=\"article:publisher\" content=\"https:\/\/www.facebook.com\/binarhandlingab\" \/>\n<meta property=\"article:modified_time\" content=\"2025-11-17T08:37:38+00:00\" \/>\n<meta name=\"twitter:card\" content=\"summary_large_image\" \/>\n<script type=\"application\/ld+json\" class=\"yoast-schema-graph\">{\"@context\":\"https:\\\/\\\/schema.org\",\"@graph\":[{\"@type\":\"WebPage\",\"@id\":\"https:\\\/\\\/www.binarhandling.com\\\/es\\\/\",\"url\":\"https:\\\/\\\/www.binarhandling.com\\\/es\\\/\",\"name\":\"Soluciones ergon\u00f3micas de elevaci\u00f3n y manipulaci\u00f3n para la industria\",\"isPartOf\":{\"@id\":\"https:\\\/\\\/www.binarhandling.com\\\/#website\"},\"datePublished\":\"2015-10-16T14:46:04+00:00\",\"dateModified\":\"2025-11-17T08:37:38+00:00\",\"description\":\"Soluciones ergon\u00f3micas para la industria, el almac\u00e9n y el taller. M\u00e1s de 8.000 sistemas personalizados: brazos de elevaci\u00f3n, manipuladores y gr\u00faas.\",\"breadcrumb\":{\"@id\":\"https:\\\/\\\/www.binarhandling.com\\\/es\\\/#breadcrumb\"},\"inLanguage\":\"es\",\"potentialAction\":[{\"@type\":\"ReadAction\",\"target\":[\"https:\\\/\\\/www.binarhandling.com\\\/es\\\/\"]}]},{\"@type\":\"BreadcrumbList\",\"@id\":\"https:\\\/\\\/www.binarhandling.com\\\/es\\\/#breadcrumb\",\"itemListElement\":[{\"@type\":\"ListItem\",\"position\":1,\"name\":\"Home\",\"item\":\"https:\\\/\\\/www.binarhandling.com\\\/es\\\/\"},{\"@type\":\"ListItem\",\"position\":2,\"name\":\"Start\"}]},{\"@type\":\"WebSite\",\"@id\":\"https:\\\/\\\/www.binarhandling.com\\\/#website\",\"url\":\"https:\\\/\\\/www.binarhandling.com\\\/\",\"name\":\"Binar Handling AB\",\"description\":\"Binar Handling AB\",\"publisher\":{\"@id\":\"https:\\\/\\\/www.binarhandling.com\\\/#organization\"},\"potentialAction\":[{\"@type\":\"SearchAction\",\"target\":{\"@type\":\"EntryPoint\",\"urlTemplate\":\"https:\\\/\\\/www.binarhandling.com\\\/?s={search_term_string}\"},\"query-input\":{\"@type\":\"PropertyValueSpecification\",\"valueRequired\":true,\"valueName\":\"search_term_string\"}}],\"inLanguage\":\"es\"},{\"@type\":\"Organization\",\"@id\":\"https:\\\/\\\/www.binarhandling.com\\\/#organization\",\"name\":\"Binar Handling AB\",\"url\":\"https:\\\/\\\/www.binarhandling.com\\\/\",\"logo\":{\"@type\":\"ImageObject\",\"inLanguage\":\"es\",\"@id\":\"https:\\\/\\\/www.binarhandling.com\\\/#\\\/schema\\\/logo\\\/image\\\/\",\"url\":\"\",\"contentUrl\":\"\",\"caption\":\"Binar Handling AB\"},\"image\":{\"@id\":\"https:\\\/\\\/www.binarhandling.com\\\/#\\\/schema\\\/logo\\\/image\\\/\"},\"sameAs\":[\"https:\\\/\\\/www.facebook.com\\\/binarhandlingab\",\"https:\\\/\\\/www.instagram.com\\\/binarhandlingsab\\\/\",\"https:\\\/\\\/www.linkedin.com\\\/company-beta\\\/16205659\\\/\",\"https:\\\/\\\/www.youtube.com\\\/user\\\/BinarQuickLift\"]}]}<\/script>\n<!-- \/ Yoast SEO plugin. -->","yoast_head_json":{"title":"Soluciones ergon\u00f3micas de elevaci\u00f3n y manipulaci\u00f3n para la industria","description":"Soluciones ergon\u00f3micas para la industria, el almac\u00e9n y el taller. M\u00e1s de 8.000 sistemas personalizados: brazos de elevaci\u00f3n, manipuladores y gr\u00faas.","robots":{"index":"index","follow":"follow","max-snippet":"max-snippet:-1","max-image-preview":"max-image-preview:large","max-video-preview":"max-video-preview:-1"},"canonical":"https:\/\/www.binarhandling.com\/es\/","og_locale":"es_ES","og_type":"article","og_title":"Soluciones ergon\u00f3micas de elevaci\u00f3n y manipulaci\u00f3n para la industria","og_description":"Soluciones ergon\u00f3micas para la industria, el almac\u00e9n y el taller. M\u00e1s de 8.000 sistemas personalizados: brazos de elevaci\u00f3n, manipuladores y gr\u00faas.","og_url":"https:\/\/www.binarhandling.com\/es\/","og_site_name":"Binar Handling AB","article_publisher":"https:\/\/www.facebook.com\/binarhandlingab","article_modified_time":"2025-11-17T08:37:38+00:00","twitter_card":"summary_large_image","schema":{"@context":"https:\/\/schema.org","@graph":[{"@type":"WebPage","@id":"https:\/\/www.binarhandling.com\/es\/","url":"https:\/\/www.binarhandling.com\/es\/","name":"Soluciones ergon\u00f3micas de elevaci\u00f3n y manipulaci\u00f3n para la industria","isPartOf":{"@id":"https:\/\/www.binarhandling.com\/#website"},"datePublished":"2015-10-16T14:46:04+00:00","dateModified":"2025-11-17T08:37:38+00:00","description":"Soluciones ergon\u00f3micas para la industria, el almac\u00e9n y el taller. M\u00e1s de 8.000 sistemas personalizados: brazos de elevaci\u00f3n, manipuladores y gr\u00faas.","breadcrumb":{"@id":"https:\/\/www.binarhandling.com\/es\/#breadcrumb"},"inLanguage":"es","potentialAction":[{"@type":"ReadAction","target":["https:\/\/www.binarhandling.com\/es\/"]}]},{"@type":"BreadcrumbList","@id":"https:\/\/www.binarhandling.com\/es\/#breadcrumb","itemListElement":[{"@type":"ListItem","position":1,"name":"Home","item":"https:\/\/www.binarhandling.com\/es\/"},{"@type":"ListItem","position":2,"name":"Start"}]},{"@type":"WebSite","@id":"https:\/\/www.binarhandling.com\/#website","url":"https:\/\/www.binarhandling.com\/","name":"Binar Handling AB","description":"Binar Handling AB","publisher":{"@id":"https:\/\/www.binarhandling.com\/#organization"},"potentialAction":[{"@type":"SearchAction","target":{"@type":"EntryPoint","urlTemplate":"https:\/\/www.binarhandling.com\/?s={search_term_string}"},"query-input":{"@type":"PropertyValueSpecification","valueRequired":true,"valueName":"search_term_string"}}],"inLanguage":"es"},{"@type":"Organization","@id":"https:\/\/www.binarhandling.com\/#organization","name":"Binar Handling AB","url":"https:\/\/www.binarhandling.com\/","logo":{"@type":"ImageObject","inLanguage":"es","@id":"https:\/\/www.binarhandling.com\/#\/schema\/logo\/image\/","url":"","contentUrl":"","caption":"Binar Handling AB"},"image":{"@id":"https:\/\/www.binarhandling.com\/#\/schema\/logo\/image\/"},"sameAs":["https:\/\/www.facebook.com\/binarhandlingab","https:\/\/www.instagram.com\/binarhandlingsab\/","https:\/\/www.linkedin.com\/company-beta\/16205659\/","https:\/\/www.youtube.com\/user\/BinarQuickLift"]}]}},"_links":{"self":[{"href":"https:\/\/www.binarhandling.com\/es\/wp-json\/wp\/v2\/pages\/3803","targetHints":{"allow":["GET"]}}],"collection":[{"href":"https:\/\/www.binarhandling.com\/es\/wp-json\/wp\/v2\/pages"}],"about":[{"href":"https:\/\/www.binarhandling.com\/es\/wp-json\/wp\/v2\/types\/page"}],"author":[{"embeddable":true,"href":"https:\/\/www.binarhandling.com\/es\/wp-json\/wp\/v2\/users\/10"}],"replies":[{"embeddable":true,"href":"https:\/\/www.binarhandling.com\/es\/wp-json\/wp\/v2\/comments?post=3803"}],"version-history":[{"count":20,"href":"https:\/\/www.binarhandling.com\/es\/wp-json\/wp\/v2\/pages\/3803\/revisions"}],"predecessor-version":[{"id":13834,"href":"https:\/\/www.binarhandling.com\/es\/wp-json\/wp\/v2\/pages\/3803\/revisions\/13834"}],"wp:attachment":[{"href":"https:\/\/www.binarhandling.com\/es\/wp-json\/wp\/v2\/media?parent=3803"}],"curies":[{"name":"wp","href":"https:\/\/api.w.org\/{rel}","templated":true}]}}